{"id":102,"date":"2024-08-21T05:36:02","date_gmt":"2024-08-21T05:36:02","guid":{"rendered":"https:\/\/studio92mkt.com\/?page_id=102"},"modified":"2026-03-05T22:21:40","modified_gmt":"2026-03-05T22:21:40","slug":"planes-marketing","status":"publish","type":"page","link":"https:\/\/studio92mkt.com\/index.php\/planes-marketing\/","title":{"rendered":"PLANES MARKETING"},"content":{"rendered":"<p>[et_pb_section fb_built=\u00bb1&#8243; _builder_version=\u00bb4.27.0&#8243; _module_preset=\u00bbdefault\u00bb background_color=\u00bb#ecf400&#8243; background_image=\u00bbhttps:\/\/studio92mkt.com\/wp-content\/uploads\/2024\/08\/2443.jpg\u00bb background_blend=\u00bboverlay\u00bb custom_padding=\u00bb||14px|||\u00bb global_colors_info=\u00bb{}\u00bb][et_pb_row column_structure=\u00bb1_2,1_2&#8243; _builder_version=\u00bb4.27.0&#8243; _module_preset=\u00bbdefault\u00bb global_colors_info=\u00bb{}\u00bb][et_pb_column type=\u00bb1_2&#8243; _builder_version=\u00bb4.27.0&#8243; _module_preset=\u00bbdefault\u00bb global_colors_info=\u00bb{}\u00bb][et_pb_text _builder_version=\u00bb4.27.4&#8243; _module_preset=\u00bbdefault\u00bb text_font=\u00bbPoppins|700|||||||\u00bb text_text_color=\u00bb#000000&#8243; text_font_size=\u00bb43px\u00bb text_orientation=\u00bbcenter\u00bb text_line_height_tablet=\u00bb\u00bb text_line_height_phone=\u00bb1.2em\u00bb text_line_height_last_edited=\u00bbon|phone\u00bb global_colors_info=\u00bb{}\u00bb]<\/p>\n<p>PLANES DE MARKETING<\/p>\n<p>[\/et_pb_text][et_pb_text _builder_version=\u00bb4.27.4&#8243; _module_preset=\u00bbdefault\u00bb header_5_font=\u00bbPoppins||||||||\u00bb header_5_text_align=\u00bbcenter\u00bb header_5_font_size=\u00bb18px\u00bb header_5_line_height=\u00bb1.7em\u00bb global_colors_info=\u00bb{}\u00bb]<\/p>\n<h5 class=\"elementor-heading-title elementor-size-default\">Entregamos y comunicamos el mensaje correcto a la audiencia correcta, a trav\u00e9s de una estrategia de contenidos que te ayude a alcanzar tus objetivos.<\/h5>\n<p>[\/et_pb_text][et_pb_icon font_icon=\u00bb&#x37;||divi||400&#8243; icon_color=\u00bb#FFFFFF\u00bb _builder_version=\u00bb4.27.0&#8243; _module_preset=\u00bbdefault\u00bb animation_style=\u00bbslide\u00bb animation_direction=\u00bbtop\u00bb global_colors_info=\u00bb{}\u00bb][\/et_pb_icon][\/et_pb_column][et_pb_column type=\u00bb1_2&#8243; _builder_version=\u00bb4.27.0&#8243; _module_preset=\u00bbdefault\u00bb global_colors_info=\u00bb{}\u00bb][et_pb_image src=\u00bbhttps:\/\/studio92mkt.com\/wp-content\/uploads\/2024\/08\/Prancheta-1.png\u00bb title_text=\u00bbPrancheta 1&#8243; _builder_version=\u00bb4.27.4&#8243; _module_preset=\u00bbdefault\u00bb width=\u00bb74%\u00bb custom_margin=\u00bb-59px|||||\u00bb global_colors_info=\u00bb{}\u00bb][\/et_pb_image][\/et_pb_column][\/et_pb_row][\/et_pb_section][et_pb_section fb_built=\u00bb1&#8243; _builder_version=\u00bb4.27.0&#8243; _module_preset=\u00bbdefault\u00bb background_color=\u00bbrgba(255,255,255,0.92)\u00bb background_image=\u00bbhttps:\/\/studio92mkt.com\/wp-content\/uploads\/2024\/08\/94833.jpg\u00bb background_blend=\u00bboverlay\u00bb box_shadow_style=\u00bbpreset1&#8243; global_colors_info=\u00bb{}\u00bb][et_pb_row column_structure=\u00bb1_2,1_2&#8243; _builder_version=\u00bb4.27.4&#8243; _module_preset=\u00bbdefault\u00bb hover_enabled=\u00bb0&#8243; global_colors_info=\u00bb{}\u00bb sticky_enabled=\u00bb0&#8243;][et_pb_column type=\u00bb1_2&#8243; _builder_version=\u00bb4.27.0&#8243; _module_preset=\u00bbdefault\u00bb global_colors_info=\u00bb{}\u00bb][et_pb_image src=\u00bbhttps:\/\/studio92mkt.com\/wp-content\/uploads\/2026\/03\/plan-redes-studio-telefono-1-3.png\u00bb title_text=\u00bbplan-redes-studio-telefono (1)\u00bb _builder_version=\u00bb4.27.4&#8243; _module_preset=\u00bbdefault\u00bb width=\u00bb71%\u00bb animation_style=\u00bbslide\u00bb animation_direction=\u00bbbottom\u00bb hover_enabled=\u00bb0&#8243; global_colors_info=\u00bb{}\u00bb custom_css_main_element=\u00bb||\u00bb align=\u00bbcenter\u00bb sticky_enabled=\u00bb0&#8243;][\/et_pb_image][et_pb_button button_url=\u00bbhttp:\/\/wa.link\/pyzic9&#8243; button_text=\u00bbCONTRATAR AHORA\u00bb button_alignment=\u00bbcenter\u00bb _builder_version=\u00bb4.27.0&#8243; _module_preset=\u00bbdefault\u00bb custom_button=\u00bbon\u00bb button_text_color=\u00bb#000000&#8243; button_bg_color=\u00bb#d9f429&#8243; button_border_color=\u00bbRGBA(255,255,255,0)\u00bb button_font=\u00bbPoppins||||||||\u00bb global_colors_info=\u00bb{}\u00bb button_bg_color__hover_enabled=\u00bbon|hover\u00bb button_bg_color__hover=\u00bb#000000&#8243; button_bg_enable_color__hover=\u00bbon\u00bb button_text_color__hover_enabled=\u00bbon|hover\u00bb button_text_color__hover=\u00bb#FFFFFF\u00bb][\/et_pb_button][\/et_pb_column][et_pb_column type=\u00bb1_2&#8243; _builder_version=\u00bb4.27.0&#8243; _module_preset=\u00bbdefault\u00bb global_colors_info=\u00bb{}\u00bb][et_pb_image src=\u00bbhttps:\/\/studio92mkt.com\/wp-content\/uploads\/2026\/03\/redes-google-1-1.png\u00bb title_text=\u00bbredes google 1&#8243; _builder_version=\u00bb4.27.4&#8243; _module_preset=\u00bbdefault\u00bb width=\u00bb75%\u00bb animation_style=\u00bbslide\u00bb animation_direction=\u00bbbottom\u00bb hover_enabled=\u00bb0&#8243; global_colors_info=\u00bb{}\u00bb custom_css_main_element=\u00bb||\u00bb align=\u00bbcenter\u00bb sticky_enabled=\u00bb0&#8243;][\/et_pb_image][et_pb_button button_url=\u00bbhttp:\/\/wa.link\/pyzic9&#8243; button_text=\u00bbCONTRATAR AHORA\u00bb button_alignment=\u00bbcenter\u00bb _builder_version=\u00bb4.27.0&#8243; _module_preset=\u00bbdefault\u00bb custom_button=\u00bbon\u00bb button_text_color=\u00bb#000000&#8243; button_bg_color=\u00bb#d9f429&#8243; button_border_color=\u00bbRGBA(255,255,255,0)\u00bb button_font=\u00bbPoppins||||||||\u00bb global_colors_info=\u00bb{}\u00bb button_bg_color__hover_enabled=\u00bbon|hover\u00bb button_bg_color__hover=\u00bb#000000&#8243; button_bg_enable_color__hover=\u00bbon\u00bb button_text_color__hover_enabled=\u00bbon|hover\u00bb button_text_color__hover=\u00bb#FFFFFF\u00bb][\/et_pb_button][\/et_pb_column][\/et_pb_row][\/et_pb_section][et_pb_section fb_built=\u00bb1&#8243; _builder_version=\u00bb4.27.0&#8243; _module_preset=\u00bbdefault\u00bb box_shadow_style=\u00bbpreset1&#8243; global_colors_info=\u00bb{}\u00bb][et_pb_row column_structure=\u00bb1_2,1_2&#8243; _builder_version=\u00bb4.27.0&#8243; _module_preset=\u00bbdefault\u00bb custom_margin=\u00bb12px|auto||auto||\u00bb global_colors_info=\u00bb{}\u00bb][et_pb_column type=\u00bb1_2&#8243; _builder_version=\u00bb4.27.0&#8243; _module_preset=\u00bbdefault\u00bb animation_style=\u00bbslide\u00bb global_colors_info=\u00bb{}\u00bb][et_pb_image src=\u00bbhttps:\/\/studio92mkt.com\/wp-content\/uploads\/2024\/08\/Logo_google_ads-1.png\u00bb title_text=\u00bbLogo_google_ads-1&#8243; _builder_version=\u00bb4.27.0&#8243; _module_preset=\u00bbdefault\u00bb width=\u00bb67%\u00bb global_colors_info=\u00bb{}\u00bb][\/et_pb_image][et_pb_text _builder_version=\u00bb4.27.0&#8243; _module_preset=\u00bbdefault\u00bb text_font=\u00bbPoppins||||||||\u00bb text_font_size=\u00bb17px\u00bb text_line_height=\u00bb1.8em\u00bb global_colors_info=\u00bb{}\u00bb]<\/p>\n<p>Creamos la mejor estrategia en Google para tu Negocio. Desde la planificaci\u00f3n, creaci\u00f3n del anuncio y palabras claves que atraegan m\u00e1s clientes y ventas.<\/p>\n<p>[\/et_pb_text][\/et_pb_column][et_pb_column type=\u00bb1_2&#8243; _builder_version=\u00bb4.27.0&#8243; _module_preset=\u00bbdefault\u00bb animation_style=\u00bbslide\u00bb global_colors_info=\u00bb{}\u00bb][et_pb_image src=\u00bbhttps:\/\/studio92mkt.com\/wp-content\/uploads\/2024\/08\/facebook-ads-logo.png\u00bb title_text=\u00bbfacebook-ads-logo\u00bb _builder_version=\u00bb4.27.0&#8243; _module_preset=\u00bbdefault\u00bb width=\u00bb67%\u00bb custom_margin=\u00bb-30px|||||\u00bb global_colors_info=\u00bb{}\u00bb][\/et_pb_image][et_pb_text _builder_version=\u00bb4.27.0&#8243; _module_preset=\u00bbdefault\u00bb text_font=\u00bbPoppins||||||||\u00bb text_font_size=\u00bb17px\u00bb text_line_height=\u00bb1.8em\u00bb custom_margin=\u00bb-28px|||||\u00bb global_colors_info=\u00bb{}\u00bb]<\/p>\n<p><strong>\u00a1Las ventas estan en las redes!<\/strong> Somos expertos en creaci\u00f3n de contenido efectivo en redes sociales para tu Negocio. Adem\u00e1s creamos la mejor segmentaci\u00f3n para obtener clientes de calidad en redes sociales.<\/p>\n<p>[\/et_pb_text][\/et_pb_column][\/et_pb_row][\/et_pb_section]<\/p>\n","protected":false},"excerpt":{"rendered":"<p>PLANES DE MARKETINGEntregamos y comunicamos el mensaje correcto a la audiencia correcta, a trav\u00e9s de una estrategia de contenidos que te ayude a alcanzar tus objetivos.Creamos la mejor estrategia en Google para tu Negocio. Desde la planificaci\u00f3n, creaci\u00f3n del anuncio y palabras claves que atraegan m\u00e1s clientes y ventas.\u00a1Las ventas estan en las redes! Somos [&hellip;]<\/p>\n","protected":false},"author":1,"featured_media":0,"parent":0,"menu_order":0,"comment_status":"closed","ping_status":"closed","template":"","meta":{"_et_pb_use_builder":"on","_et_pb_old_content":"","_et_gb_content_width":"","footnotes":""},"class_list":["post-102","page","type-page","status-publish","hentry"],"yoast_head":"<!-- This site is optimized with the Yoast SEO plugin v27.5 - https:\/\/yoast.com\/product\/yoast-seo-wordpress\/ -->\n<title>PLANES MARKETING - STUDIO92 MARKETING<\/title>\n<meta name=\"robots\" content=\"index, follow, max-snippet:-1, max-image-preview:large, max-video-preview:-1\" \/>\n<link rel=\"canonical\" href=\"https:\/\/studio92mkt.com\/index.php\/planes-marketing\/\" \/>\n<meta property=\"og:locale\" content=\"es_ES\" \/>\n<meta property=\"og:type\" content=\"article\" \/>\n<meta property=\"og:title\" content=\"PLANES MARKETING - STUDIO92 MARKETING\" \/>\n<meta property=\"og:description\" content=\"PLANES DE MARKETINGEntregamos y comunicamos el mensaje correcto a la audiencia correcta, a trav\u00e9s de una estrategia de contenidos que te ayude a alcanzar tus objetivos.Creamos la mejor estrategia en Google para tu Negocio. Desde la planificaci\u00f3n, creaci\u00f3n del anuncio y palabras claves que atraegan m\u00e1s clientes y ventas.\u00a1Las ventas estan en las redes! Somos [&hellip;]\" \/>\n<meta property=\"og:url\" content=\"https:\/\/studio92mkt.com\/index.php\/planes-marketing\/\" \/>\n<meta property=\"og:site_name\" content=\"STUDIO92 MARKETING\" \/>\n<meta property=\"article:modified_time\" content=\"2026-03-05T22:21:40+00:00\" \/>\n<meta name=\"twitter:card\" content=\"summary_large_image\" \/>\n<meta name=\"twitter:label1\" content=\"Tiempo de lectura\" \/>\n\t<meta name=\"twitter:data1\" content=\"4 minutos\" \/>\n<script type=\"application\/ld+json\" class=\"yoast-schema-graph\">{\"@context\":\"https:\\\/\\\/schema.org\",\"@graph\":[{\"@type\":\"WebPage\",\"@id\":\"https:\\\/\\\/studio92mkt.com\\\/index.php\\\/planes-marketing\\\/\",\"url\":\"https:\\\/\\\/studio92mkt.com\\\/index.php\\\/planes-marketing\\\/\",\"name\":\"PLANES MARKETING - STUDIO92 MARKETING\",\"isPartOf\":{\"@id\":\"https:\\\/\\\/studio92mkt.com\\\/#website\"},\"datePublished\":\"2024-08-21T05:36:02+00:00\",\"dateModified\":\"2026-03-05T22:21:40+00:00\",\"breadcrumb\":{\"@id\":\"https:\\\/\\\/studio92mkt.com\\\/index.php\\\/planes-marketing\\\/#breadcrumb\"},\"inLanguage\":\"es\",\"potentialAction\":[{\"@type\":\"ReadAction\",\"target\":[\"https:\\\/\\\/studio92mkt.com\\\/index.php\\\/planes-marketing\\\/\"]}]},{\"@type\":\"BreadcrumbList\",\"@id\":\"https:\\\/\\\/studio92mkt.com\\\/index.php\\\/planes-marketing\\\/#breadcrumb\",\"itemListElement\":[{\"@type\":\"ListItem\",\"position\":1,\"name\":\"Portada\",\"item\":\"https:\\\/\\\/studio92mkt.com\\\/\"},{\"@type\":\"ListItem\",\"position\":2,\"name\":\"PLANES MARKETING\"}]},{\"@type\":\"WebSite\",\"@id\":\"https:\\\/\\\/studio92mkt.com\\\/#website\",\"url\":\"https:\\\/\\\/studio92mkt.com\\\/\",\"name\":\"STUDIO92 MARKETING\",\"description\":\"\",\"potentialAction\":[{\"@type\":\"SearchAction\",\"target\":{\"@type\":\"EntryPoint\",\"urlTemplate\":\"https:\\\/\\\/studio92mkt.com\\\/?s={search_term_string}\"},\"query-input\":{\"@type\":\"PropertyValueSpecification\",\"valueRequired\":true,\"valueName\":\"search_term_string\"}}],\"inLanguage\":\"es\"}]}<\/script>\n<!-- \/ Yoast SEO plugin. -->","yoast_head_json":{"title":"PLANES MARKETING - STUDIO92 MARKETING","robots":{"index":"index","follow":"follow","max-snippet":"max-snippet:-1","max-image-preview":"max-image-preview:large","max-video-preview":"max-video-preview:-1"},"canonical":"https:\/\/studio92mkt.com\/index.php\/planes-marketing\/","og_locale":"es_ES","og_type":"article","og_title":"PLANES MARKETING - STUDIO92 MARKETING","og_description":"PLANES DE MARKETINGEntregamos y comunicamos el mensaje correcto a la audiencia correcta, a trav\u00e9s de una estrategia de contenidos que te ayude a alcanzar tus objetivos.Creamos la mejor estrategia en Google para tu Negocio. Desde la planificaci\u00f3n, creaci\u00f3n del anuncio y palabras claves que atraegan m\u00e1s clientes y ventas.\u00a1Las ventas estan en las redes! Somos [&hellip;]","og_url":"https:\/\/studio92mkt.com\/index.php\/planes-marketing\/","og_site_name":"STUDIO92 MARKETING","article_modified_time":"2026-03-05T22:21:40+00:00","twitter_card":"summary_large_image","twitter_misc":{"Tiempo de lectura":"4 minutos"},"schema":{"@context":"https:\/\/schema.org","@graph":[{"@type":"WebPage","@id":"https:\/\/studio92mkt.com\/index.php\/planes-marketing\/","url":"https:\/\/studio92mkt.com\/index.php\/planes-marketing\/","name":"PLANES MARKETING - STUDIO92 MARKETING","isPartOf":{"@id":"https:\/\/studio92mkt.com\/#website"},"datePublished":"2024-08-21T05:36:02+00:00","dateModified":"2026-03-05T22:21:40+00:00","breadcrumb":{"@id":"https:\/\/studio92mkt.com\/index.php\/planes-marketing\/#breadcrumb"},"inLanguage":"es","potentialAction":[{"@type":"ReadAction","target":["https:\/\/studio92mkt.com\/index.php\/planes-marketing\/"]}]},{"@type":"BreadcrumbList","@id":"https:\/\/studio92mkt.com\/index.php\/planes-marketing\/#breadcrumb","itemListElement":[{"@type":"ListItem","position":1,"name":"Portada","item":"https:\/\/studio92mkt.com\/"},{"@type":"ListItem","position":2,"name":"PLANES MARKETING"}]},{"@type":"WebSite","@id":"https:\/\/studio92mkt.com\/#website","url":"https:\/\/studio92mkt.com\/","name":"STUDIO92 MARKETING","description":"","potentialAction":[{"@type":"SearchAction","target":{"@type":"EntryPoint","urlTemplate":"https:\/\/studio92mkt.com\/?s={search_term_string}"},"query-input":{"@type":"PropertyValueSpecification","valueRequired":true,"valueName":"search_term_string"}}],"inLanguage":"es"}]}},"_links":{"self":[{"href":"https:\/\/studio92mkt.com\/index.php\/wp-json\/wp\/v2\/pages\/102","targetHints":{"allow":["GET"]}}],"collection":[{"href":"https:\/\/studio92mkt.com\/index.php\/wp-json\/wp\/v2\/pages"}],"about":[{"href":"https:\/\/studio92mkt.com\/index.php\/wp-json\/wp\/v2\/types\/page"}],"author":[{"embeddable":true,"href":"https:\/\/studio92mkt.com\/index.php\/wp-json\/wp\/v2\/users\/1"}],"replies":[{"embeddable":true,"href":"https:\/\/studio92mkt.com\/index.php\/wp-json\/wp\/v2\/comments?post=102"}],"version-history":[{"count":15,"href":"https:\/\/studio92mkt.com\/index.php\/wp-json\/wp\/v2\/pages\/102\/revisions"}],"predecessor-version":[{"id":271,"href":"https:\/\/studio92mkt.com\/index.php\/wp-json\/wp\/v2\/pages\/102\/revisions\/271"}],"wp:attachment":[{"href":"https:\/\/studio92mkt.com\/index.php\/wp-json\/wp\/v2\/media?parent=102"}],"curies":[{"name":"wp","href":"https:\/\/api.w.org\/{rel}","templated":true}]}}