{"id":62,"date":"2024-08-20T21:27:02","date_gmt":"2024-08-20T21:27:02","guid":{"rendered":"https:\/\/studio92mkt.com\/?page_id=62"},"modified":"2025-10-08T20:20:55","modified_gmt":"2025-10-08T20:20:55","slug":"planes-web","status":"publish","type":"page","link":"https:\/\/studio92mkt.com\/index.php\/planes-web\/","title":{"rendered":"PLANES WEB"},"content":{"rendered":"<p>[et_pb_section fb_built=\u00bb1&#8243; _builder_version=\u00bb4.27.0&#8243; _module_preset=\u00bbdefault\u00bb background_color=\u00bb#000000&#8243; custom_padding=\u00bb||11px|||\u00bb global_colors_info=\u00bb{}\u00bb][et_pb_row _builder_version=\u00bb4.27.0&#8243; _module_preset=\u00bbdefault\u00bb custom_padding=\u00bb0px||21px|||\u00bb global_colors_info=\u00bb{}\u00bb][et_pb_column type=\u00bb4_4&#8243; _builder_version=\u00bb4.27.0&#8243; _module_preset=\u00bbdefault\u00bb global_colors_info=\u00bb{}\u00bb][et_pb_text _builder_version=\u00bb4.27.4&#8243; _module_preset=\u00bbdefault\u00bb text_font=\u00bbPoppins|700|||||||\u00bb text_text_color=\u00bb#d9f429&#8243; text_font_size=\u00bb59px\u00bb text_orientation=\u00bbcenter\u00bb custom_margin=\u00bb24px|||||\u00bb custom_margin_tablet=\u00bb24px|||||\u00bb custom_margin_phone=\u00bb24px|||||\u00bb custom_margin_last_edited=\u00bbon|phone\u00bb text_line_height_tablet=\u00bb\u00bb text_line_height_phone=\u00bb1.2em\u00bb text_line_height_last_edited=\u00bbon|phone\u00bb global_colors_info=\u00bb{}\u00bb]<\/p>\n<p>PLANES WEB<\/p>\n<p>[\/et_pb_text][\/et_pb_column][\/et_pb_row][et_pb_row column_structure=\u00bb1_2,1_2&#8243; _builder_version=\u00bb4.27.0&#8243; _module_preset=\u00bbdefault\u00bb custom_margin=\u00bb|auto|6px|auto||\u00bb custom_padding=\u00bb0px||0px|||\u00bb global_colors_info=\u00bb{}\u00bb][et_pb_column type=\u00bb1_2&#8243; _builder_version=\u00bb4.27.0&#8243; _module_preset=\u00bbdefault\u00bb global_colors_info=\u00bb{}\u00bb][et_pb_text _builder_version=\u00bb4.27.4&#8243; _module_preset=\u00bbdefault\u00bb text_font=\u00bbPoppins||||||||\u00bb text_text_color=\u00bb#FFFFFF\u00bb text_font_size=\u00bb17px\u00bb text_line_height=\u00bb1.4em\u00bb custom_padding=\u00bb26px|||||\u00bb global_colors_info=\u00bb{}\u00bb]<\/p>\n<div class=\"elementor-element elementor-element-944920a elementor-widget elementor-widget-text-editor\" data-id=\"944920a\" data-element_type=\"widget\" data-widget_type=\"text-editor.default\">\n<div class=\"elementor-widget-container\">A la medida de sus necesidades y las de su negocio.<br \/>Las posibilidades son m\u00faltiples.<\/div>\n<div class=\"elementor-widget-container\"><\/div>\n<\/div>\n<div class=\"elementor-element elementor-element-8f78424 elementor-align-left elementor-icon-list--layout-traditional elementor-list-item-link-full_width elementor-widget elementor-widget-icon-list\" data-id=\"8f78424\" data-element_type=\"widget\" data-widget_type=\"icon-list.default\">\n<div class=\"elementor-widget-container\">\n<p><span class=\"elementor-icon-list-icon\"><i aria-hidden=\"true\" class=\"fas fa-globe\"><\/i><\/span><\/p>\n<p><span class=\"elementor-icon-list-icon\"><i aria-hidden=\"true\" class=\"fas fa-globe\"><\/i><\/span><\/p>\n<ul class=\"elementor-icon-list-items\">\n<li class=\"elementor-icon-list-item\"><span class=\"elementor-icon-list-icon\"><i aria-hidden=\"true\" class=\"fas fa-globe\"><\/i><\/span><span class=\"elementor-icon-list-text\">Registro de Dominio.<\/span><\/li>\n<li class=\"elementor-icon-list-item\"><span class=\"elementor-icon-list-icon\"><i aria-hidden=\"true\" class=\"fas fa-pencil-alt\"><\/i><\/span><span class=\"elementor-icon-list-text\">Dise\u00f1o Gr\u00e1fico de primer nivel.<\/span><\/li>\n<li class=\"elementor-icon-list-item\"><span class=\"elementor-icon-list-icon\"><i aria-hidden=\"true\" class=\"fas fa-dot-circle\"><\/i><\/span><span class=\"elementor-icon-list-text\">Gran variedad de Plugins.<\/span><\/li>\n<li class=\"elementor-icon-list-item\"><span class=\"elementor-icon-list-icon\"><i aria-hidden=\"true\" class=\"fas fa-search\"><\/i><\/span><span class=\"elementor-icon-list-text\">SEO y Posicionamiento Web.<\/span><\/li>\n<li class=\"elementor-icon-list-item\"><span class=\"elementor-icon-list-icon\"><i aria-hidden=\"true\" class=\"fas fa-database\"><\/i><\/span><span class=\"elementor-icon-list-text\">Alojamiento y Mantenimiento<\/span><\/li>\n<\/ul>\n<\/div>\n<\/div>\n<p>[\/et_pb_text][\/et_pb_column][et_pb_column type=\u00bb1_2&#8243; _builder_version=\u00bb4.27.0&#8243; _module_preset=\u00bbdefault\u00bb global_colors_info=\u00bb{}\u00bb][et_pb_image src=\u00bbhttps:\/\/studio92mkt.com\/wp-content\/uploads\/2024\/08\/astronauta1.png\u00bb title_text=\u00bbastronauta1&#8243; _builder_version=\u00bb4.27.4&#8243; _module_preset=\u00bbdefault\u00bb width=\u00bb100%\u00bb custom_margin=\u00bb||-15px|||\u00bb animation_direction=\u00bbright\u00bb global_colors_info=\u00bb{}\u00bb][\/et_pb_image][\/et_pb_column][\/et_pb_row][\/et_pb_section][et_pb_section fb_built=\u00bb1&#8243; _builder_version=\u00bb4.27.0&#8243; _module_preset=\u00bbdefault\u00bb global_colors_info=\u00bb{}\u00bb][et_pb_row column_structure=\u00bb1_3,1_3,1_3&#8243; _builder_version=\u00bb4.27.0&#8243; _module_preset=\u00bbdefault\u00bb width=\u00bb75%\u00bb max_width=\u00bb1299px\u00bb global_colors_info=\u00bb{}\u00bb][et_pb_column type=\u00bb1_3&#8243; _builder_version=\u00bb4.27.0&#8243; _module_preset=\u00bbdefault\u00bb custom_padding=\u00bb||14px||false|false\u00bb global_colors_info=\u00bb{}\u00bb box_shadow_blur__hover_enabled=\u00bbon|hover\u00bb box_shadow_blur__hover=\u00bb20px\u00bb][et_pb_image src=\u00bbhttps:\/\/studio92mkt.com\/wp-content\/uploads\/2024\/08\/Plan-Basico-studio-1Mesa-de-trabajo-1-3-1.png\u00bb title_text=\u00bbPlan Basico studio 1Mesa de trabajo 1 (3)\u00bb _builder_version=\u00bb4.27.0&#8243; _module_preset=\u00bbdefault\u00bb width=\u00bb96%\u00bb animation_style=\u00bbslide\u00bb animation_direction=\u00bbbottom\u00bb global_colors_info=\u00bb{}\u00bb box_shadow_horizontal__hover_enabled=\u00bbon|desktop\u00bb box_shadow_spread__hover_enabled=\u00bbon|desktop\u00bb box_shadow_horizontal__hover=\u00bb-1px\u00bb box_shadow_spread__hover=\u00bb2px\u00bb width__hover_enabled=\u00bbon|hover\u00bb width__hover=\u00bb100%\u00bb][\/et_pb_image][et_pb_button button_url=\u00bbhttp:\/\/wa.link\/xp48lq\u00bb button_text=\u00bbCONTRATAR AHORA\u00bb button_alignment=\u00bbcenter\u00bb _builder_version=\u00bb4.27.0&#8243; _module_preset=\u00bbdefault\u00bb custom_button=\u00bbon\u00bb button_text_color=\u00bb#000000&#8243; button_bg_color=\u00bb#d9f429&#8243; button_border_width=\u00bb0px\u00bb button_border_radius=\u00bb15px\u00bb button_font=\u00bbPoppins||||||||\u00bb global_colors_info=\u00bb{}\u00bb button_bg_color__hover_enabled=\u00bbon|hover\u00bb button_bg_color__hover=\u00bb#000000&#8243; button_bg_enable_color__hover=\u00bbon\u00bb button_text_color__hover_enabled=\u00bbon|hover\u00bb button_text_color__hover=\u00bb#FFFFFF\u00bb][\/et_pb_button][\/et_pb_column][et_pb_column type=\u00bb1_3&#8243; _builder_version=\u00bb4.27.0&#8243; _module_preset=\u00bbdefault\u00bb global_colors_info=\u00bb{}\u00bb][et_pb_image src=\u00bbhttps:\/\/studio92mkt.com\/wp-content\/uploads\/2024\/08\/PLAN-PYME-studio-3Mesa-de-trabajo-1-5-1.png\u00bb title_text=\u00bbPLAN PYME studio 3Mesa de trabajo 1 (5)\u00bb _builder_version=\u00bb4.27.0&#8243; _module_preset=\u00bbdefault\u00bb width=\u00bb96%\u00bb width_last_edited=\u00bboff|desktop\u00bb animation_style=\u00bbslide\u00bb animation_direction=\u00bbbottom\u00bb global_colors_info=\u00bb{}\u00bb width__hover_enabled=\u00bbon|hover\u00bb width__hover=\u00bb100%\u00bb][\/et_pb_image][et_pb_button button_url=\u00bbhttp:\/\/wa.link\/qo2co8&#8243; button_text=\u00bbCONTRATAR AHORA\u00bb button_alignment=\u00bbcenter\u00bb _builder_version=\u00bb4.27.0&#8243; _module_preset=\u00bbdefault\u00bb custom_button=\u00bbon\u00bb button_text_color=\u00bb#000000&#8243; button_bg_color=\u00bb#d9f429&#8243; button_border_width=\u00bb0px\u00bb button_border_radius=\u00bb15px\u00bb button_font=\u00bbPoppins||||||||\u00bb global_colors_info=\u00bb{}\u00bb button_bg_color__hover_enabled=\u00bbon|hover\u00bb button_bg_color__hover=\u00bb#000000&#8243; button_bg_enable_color__hover=\u00bbon\u00bb button_text_color__hover_enabled=\u00bbon|hover\u00bb button_text_color__hover=\u00bb#FFFFFF\u00bb][\/et_pb_button][\/et_pb_column][et_pb_column type=\u00bb1_3&#8243; _builder_version=\u00bb4.27.0&#8243; _module_preset=\u00bbdefault\u00bb global_colors_info=\u00bb{}\u00bb][et_pb_image src=\u00bbhttps:\/\/studio92mkt.com\/wp-content\/uploads\/2024\/08\/tienda-online-studio-2Mesa-de-trabajo-1-4.png\u00bb title_text=\u00bbtienda online studio 2Mesa de trabajo 1 (4)\u00bb _builder_version=\u00bb4.27.0&#8243; _module_preset=\u00bbdefault\u00bb width=\u00bb96%\u00bb width_last_edited=\u00bboff|desktop\u00bb animation_style=\u00bbslide\u00bb animation_direction=\u00bbright\u00bb global_colors_info=\u00bb{}\u00bb width__hover_enabled=\u00bbon|hover\u00bb width__hover=\u00bb100%\u00bb][\/et_pb_image][et_pb_button button_url=\u00bbhttp:\/\/wa.link\/0ysdp5&#8243; button_text=\u00bbCONTRATAR AHORA\u00bb button_alignment=\u00bbcenter\u00bb _builder_version=\u00bb4.27.0&#8243; _module_preset=\u00bbdefault\u00bb custom_button=\u00bbon\u00bb button_text_color=\u00bb#000000&#8243; button_bg_color=\u00bb#d9f429&#8243; button_border_width=\u00bb0px\u00bb button_border_radius=\u00bb15px\u00bb button_font=\u00bbPoppins||||||||\u00bb global_colors_info=\u00bb{}\u00bb button_bg_color__hover_enabled=\u00bbon|hover\u00bb button_bg_color__hover=\u00bb#000000&#8243; button_bg_enable_color__hover=\u00bbon\u00bb button_text_color__hover_enabled=\u00bbon|hover\u00bb button_text_color__hover=\u00bb#FFFFFF\u00bb][\/et_pb_button][\/et_pb_column][\/et_pb_row][\/et_pb_section][et_pb_section fb_built=\u00bb1&#8243; _builder_version=\u00bb4.27.0&#8243; _module_preset=\u00bbdefault\u00bb background_color=\u00bb#f4f4f4&#8243; global_colors_info=\u00bb{}\u00bb][et_pb_row column_structure=\u00bb1_3,1_3,1_3&#8243; _builder_version=\u00bb4.27.0&#8243; _module_preset=\u00bbdefault\u00bb global_colors_info=\u00bb{}\u00bb][et_pb_column type=\u00bb1_3&#8243; _builder_version=\u00bb4.27.0&#8243; _module_preset=\u00bbdefault\u00bb global_colors_info=\u00bb{}\u00bb][et_pb_image src=\u00bbhttps:\/\/studio92mkt.com\/wp-content\/uploads\/2024\/08\/HTML5_logo_and_wordmark.svg_.png\u00bb title_text=\u00bbHTML5_logo_and_wordmark.svg\u00bb _builder_version=\u00bb4.27.0&#8243; _module_preset=\u00bbdefault\u00bb width=\u00bb32%\u00bb module_alignment=\u00bbcenter\u00bb filter_saturate=\u00bb0%\u00bb global_colors_info=\u00bb{}\u00bb filter_saturate__hover_enabled=\u00bbon|hover\u00bb filter_saturate__hover=\u00bb200%\u00bb][\/et_pb_image][\/et_pb_column][et_pb_column type=\u00bb1_3&#8243; _builder_version=\u00bb4.27.0&#8243; _module_preset=\u00bbdefault\u00bb global_colors_info=\u00bb{}\u00bb][et_pb_image src=\u00bbhttps:\/\/studio92mkt.com\/wp-content\/uploads\/2024\/08\/css-logo.png\u00bb title_text=\u00bbcss-logo\u00bb _builder_version=\u00bb4.27.0&#8243; _module_preset=\u00bbdefault\u00bb width=\u00bb22%\u00bb module_alignment=\u00bbcenter\u00bb filter_saturate=\u00bb0%\u00bb global_colors_info=\u00bb{}\u00bb filter_saturate__hover_enabled=\u00bbon|hover\u00bb filter_saturate__hover=\u00bb200%\u00bb][\/et_pb_image][\/et_pb_column][et_pb_column type=\u00bb1_3&#8243; _builder_version=\u00bb4.27.0&#8243; _module_preset=\u00bbdefault\u00bb global_colors_info=\u00bb{}\u00bb][et_pb_image src=\u00bbhttps:\/\/studio92mkt.com\/wp-content\/uploads\/2024\/08\/JavaScript-Emblem.png\u00bb title_text=\u00bbJavaScript-Emblem\u00bb _builder_version=\u00bb4.27.0&#8243; _module_preset=\u00bbdefault\u00bb width=\u00bb49%\u00bb module_alignment=\u00bbcenter\u00bb filter_saturate=\u00bb0%\u00bb global_colors_info=\u00bb{}\u00bb filter_saturate__hover_enabled=\u00bbon|hover\u00bb filter_saturate__hover=\u00bb200%\u00bb][\/et_pb_image][\/et_pb_column][\/et_pb_row][\/et_pb_section]<\/p>\n","protected":false},"excerpt":{"rendered":"<p>PLANES WEB A la medida de sus necesidades y las de su negocio.Las posibilidades son m\u00faltiples. Registro de Dominio. Dise\u00f1o Gr\u00e1fico de primer nivel. Gran variedad de Plugins. SEO y Posicionamiento Web. Alojamiento y Mantenimiento<\/p>\n","protected":false},"author":1,"featured_media":0,"parent":0,"menu_order":0,"comment_status":"closed","ping_status":"closed","template":"","meta":{"_et_pb_use_builder":"on","_et_pb_old_content":"","_et_gb_content_width":"","footnotes":""},"class_list":["post-62","page","type-page","status-publish","hentry"],"yoast_head":"<!-- This site is optimized with the Yoast SEO plugin v27.5 - https:\/\/yoast.com\/product\/yoast-seo-wordpress\/ -->\n<title>PLANES WEB - STUDIO92 MARKETING<\/title>\n<meta name=\"robots\" content=\"index, follow, max-snippet:-1, max-image-preview:large, max-video-preview:-1\" \/>\n<link rel=\"canonical\" href=\"https:\/\/studio92mkt.com\/index.php\/planes-web\/\" \/>\n<meta property=\"og:locale\" content=\"es_ES\" \/>\n<meta property=\"og:type\" content=\"article\" \/>\n<meta property=\"og:title\" content=\"PLANES WEB - STUDIO92 MARKETING\" \/>\n<meta property=\"og:description\" content=\"PLANES WEB A la medida de sus necesidades y las de su negocio.Las posibilidades son m\u00faltiples. Registro de Dominio. Dise\u00f1o Gr\u00e1fico de primer nivel. Gran variedad de Plugins. SEO y Posicionamiento Web. Alojamiento y Mantenimiento\" \/>\n<meta property=\"og:url\" content=\"https:\/\/studio92mkt.com\/index.php\/planes-web\/\" \/>\n<meta property=\"og:site_name\" content=\"STUDIO92 MARKETING\" \/>\n<meta property=\"article:modified_time\" content=\"2025-10-08T20:20:55+00:00\" \/>\n<meta name=\"twitter:card\" content=\"summary_large_image\" \/>\n<meta name=\"twitter:label1\" content=\"Tiempo de lectura\" \/>\n\t<meta name=\"twitter:data1\" content=\"5 minutos\" \/>\n<script type=\"application\/ld+json\" class=\"yoast-schema-graph\">{\"@context\":\"https:\\\/\\\/schema.org\",\"@graph\":[{\"@type\":\"WebPage\",\"@id\":\"https:\\\/\\\/studio92mkt.com\\\/index.php\\\/planes-web\\\/\",\"url\":\"https:\\\/\\\/studio92mkt.com\\\/index.php\\\/planes-web\\\/\",\"name\":\"PLANES WEB - STUDIO92 MARKETING\",\"isPartOf\":{\"@id\":\"https:\\\/\\\/studio92mkt.com\\\/#website\"},\"datePublished\":\"2024-08-20T21:27:02+00:00\",\"dateModified\":\"2025-10-08T20:20:55+00:00\",\"breadcrumb\":{\"@id\":\"https:\\\/\\\/studio92mkt.com\\\/index.php\\\/planes-web\\\/#breadcrumb\"},\"inLanguage\":\"es\",\"potentialAction\":[{\"@type\":\"ReadAction\",\"target\":[\"https:\\\/\\\/studio92mkt.com\\\/index.php\\\/planes-web\\\/\"]}]},{\"@type\":\"BreadcrumbList\",\"@id\":\"https:\\\/\\\/studio92mkt.com\\\/index.php\\\/planes-web\\\/#breadcrumb\",\"itemListElement\":[{\"@type\":\"ListItem\",\"position\":1,\"name\":\"Portada\",\"item\":\"https:\\\/\\\/studio92mkt.com\\\/\"},{\"@type\":\"ListItem\",\"position\":2,\"name\":\"PLANES WEB\"}]},{\"@type\":\"WebSite\",\"@id\":\"https:\\\/\\\/studio92mkt.com\\\/#website\",\"url\":\"https:\\\/\\\/studio92mkt.com\\\/\",\"name\":\"STUDIO92 MARKETING\",\"description\":\"\",\"potentialAction\":[{\"@type\":\"SearchAction\",\"target\":{\"@type\":\"EntryPoint\",\"urlTemplate\":\"https:\\\/\\\/studio92mkt.com\\\/?s={search_term_string}\"},\"query-input\":{\"@type\":\"PropertyValueSpecification\",\"valueRequired\":true,\"valueName\":\"search_term_string\"}}],\"inLanguage\":\"es\"}]}<\/script>\n<!-- \/ Yoast SEO plugin. -->","yoast_head_json":{"title":"PLANES WEB - STUDIO92 MARKETING","robots":{"index":"index","follow":"follow","max-snippet":"max-snippet:-1","max-image-preview":"max-image-preview:large","max-video-preview":"max-video-preview:-1"},"canonical":"https:\/\/studio92mkt.com\/index.php\/planes-web\/","og_locale":"es_ES","og_type":"article","og_title":"PLANES WEB - STUDIO92 MARKETING","og_description":"PLANES WEB A la medida de sus necesidades y las de su negocio.Las posibilidades son m\u00faltiples. Registro de Dominio. Dise\u00f1o Gr\u00e1fico de primer nivel. Gran variedad de Plugins. SEO y Posicionamiento Web. Alojamiento y Mantenimiento","og_url":"https:\/\/studio92mkt.com\/index.php\/planes-web\/","og_site_name":"STUDIO92 MARKETING","article_modified_time":"2025-10-08T20:20:55+00:00","twitter_card":"summary_large_image","twitter_misc":{"Tiempo de lectura":"5 minutos"},"schema":{"@context":"https:\/\/schema.org","@graph":[{"@type":"WebPage","@id":"https:\/\/studio92mkt.com\/index.php\/planes-web\/","url":"https:\/\/studio92mkt.com\/index.php\/planes-web\/","name":"PLANES WEB - STUDIO92 MARKETING","isPartOf":{"@id":"https:\/\/studio92mkt.com\/#website"},"datePublished":"2024-08-20T21:27:02+00:00","dateModified":"2025-10-08T20:20:55+00:00","breadcrumb":{"@id":"https:\/\/studio92mkt.com\/index.php\/planes-web\/#breadcrumb"},"inLanguage":"es","potentialAction":[{"@type":"ReadAction","target":["https:\/\/studio92mkt.com\/index.php\/planes-web\/"]}]},{"@type":"BreadcrumbList","@id":"https:\/\/studio92mkt.com\/index.php\/planes-web\/#breadcrumb","itemListElement":[{"@type":"ListItem","position":1,"name":"Portada","item":"https:\/\/studio92mkt.com\/"},{"@type":"ListItem","position":2,"name":"PLANES WEB"}]},{"@type":"WebSite","@id":"https:\/\/studio92mkt.com\/#website","url":"https:\/\/studio92mkt.com\/","name":"STUDIO92 MARKETING","description":"","potentialAction":[{"@type":"SearchAction","target":{"@type":"EntryPoint","urlTemplate":"https:\/\/studio92mkt.com\/?s={search_term_string}"},"query-input":{"@type":"PropertyValueSpecification","valueRequired":true,"valueName":"search_term_string"}}],"inLanguage":"es"}]}},"_links":{"self":[{"href":"https:\/\/studio92mkt.com\/index.php\/wp-json\/wp\/v2\/pages\/62","targetHints":{"allow":["GET"]}}],"collection":[{"href":"https:\/\/studio92mkt.com\/index.php\/wp-json\/wp\/v2\/pages"}],"about":[{"href":"https:\/\/studio92mkt.com\/index.php\/wp-json\/wp\/v2\/types\/page"}],"author":[{"embeddable":true,"href":"https:\/\/studio92mkt.com\/index.php\/wp-json\/wp\/v2\/users\/1"}],"replies":[{"embeddable":true,"href":"https:\/\/studio92mkt.com\/index.php\/wp-json\/wp\/v2\/comments?post=62"}],"version-history":[{"count":17,"href":"https:\/\/studio92mkt.com\/index.php\/wp-json\/wp\/v2\/pages\/62\/revisions"}],"predecessor-version":[{"id":202,"href":"https:\/\/studio92mkt.com\/index.php\/wp-json\/wp\/v2\/pages\/62\/revisions\/202"}],"wp:attachment":[{"href":"https:\/\/studio92mkt.com\/index.php\/wp-json\/wp\/v2\/media?parent=62"}],"curies":[{"name":"wp","href":"https:\/\/api.w.org\/{rel}","templated":true}]}}